{"id":13235,"date":"2022-09-04T13:13:25","date_gmt":"2022-09-04T12:13:25","guid":{"rendered":"https:\/\/academy.hivjustice.net\/?page_id=13235"},"modified":"2022-10-18T11:45:30","modified_gmt":"2022-10-18T10:45:30","slug":"resource-library","status":"publish","type":"page","link":"https:\/\/learning-dev.hivjustice.net\/fr\/resource-library\/","title":{"rendered":"M\u00e9diath\u00e8que"},"content":{"rendered":"<p>Acc\u00e9dez \u00e0 la bo\u00eete \u00e0 outils en cliquant sur l\u2019une des cases ci-dessous.<\/p>\n<p>Il existe\u00a0\u00e9galement une\u00a0<a href=\"https:\/\/academy.hivjustice.net\/resource-library\/\">version anglaise<\/a>\u00a0de cette\u00a0bo\u00eete \u00e0 outils,\u00a0dans laquelle un grand nombre de documents suppl\u00e9mentaires sont accessibles.<\/p>\n<div id=\"search-form-wrap\" class=\"search-form-wrap\" title=\"Search\">\n<form role=\"search\" method=\"get\" class=\"search-form\" action=\"https:\/\/learning-dev.hivjustice.net\/fr\/\">\n\t<label>\n\t\t<span class=\"screen-reader-text\">Rechercher\u00a0:<\/span>\n\t\t<input type=\"search\" class=\"search-field\"  placeholder=\"Search &hellip;\" value=\"\" name=\"s\" tabindex=\"-1\">\n\t\t\t\t\t<button class=\"search-submit ast-search-submit\" aria-label=\"Envoi de la recherche\">\n\t\t\t\t<span hidden>Rechercher<\/span>\n\t\t\t\t<i><span class=\"ast-icon icon-search\"><svg xmlns=\"http:\/\/www.w3.org\/2000\/svg\" xmlns:xlink=\"http:\/\/www.w3.org\/1999\/xlink\" version=\"1.1\" x=\"0px\" y=\"0px\" viewBox=\"-888 480 142 142\" enable-background=\"new -888 480 142 142\" xml:space=\"preserve\">\n\t\t\t\t<path d=\"M-787.4,568.7h-6.3l-2.4-2.4c7.9-8.7,12.6-20.5,12.6-33.1c0-28.4-22.9-51.3-51.3-51.3  c-28.4,0-51.3,22.9-51.3,51.3c0,28.4,22.9,51.3,51.3,51.3c12.6,0,24.4-4.7,33.1-12.6l2.4,2.4v6.3l39.4,39.4l11.8-11.8L-787.4,568.7  L-787.4,568.7z M-834.7,568.7c-19.7,0-35.5-15.8-35.5-35.5c0-19.7,15.8-35.5,35.5-35.5c19.7,0,35.5,15.8,35.5,35.5  C-799.3,553-815,568.7-834.7,568.7L-834.7,568.7z\"\/>\n\t\t\t\t<\/svg><\/span><\/i>\n\t\t\t<\/button>\n\t\t\t<\/label>\n\t\t\t<input type=\"submit\" class=\"search-submit\" value=\"Rechercher\">\n\t<\/form>\n\n<\/div>\n<section class=\"page-section page-section-tabs\">\n<div class=\"sleeve\">\n<div class=\"library-category-wrap\">\n<div class=\"library-category-item\">\n<a href=\"https:\/\/learning-dev.hivjustice.net\/fr\/theme\/sante-publique-et-politiques\/\" class=\"transition-link\">\n<div class=\"resource-count\">26 resources<\/div>\n<h3>\nSant\u00e9 publique et politiques\n<\/h3>\n<div class=\"description\"><span>Cette section explore la p\u00e9nalisation du VIH du point de vue de la sant\u00e9 publique et pr\u00e9sente les recommandations et prises de position d'organisations nationales et d'agences internationales.<\/span><\/div>\n<\/a>\n<\/div>\n<div class=\"library-category-item\">\n<a href=\"https:\/\/learning-dev.hivjustice.net\/fr\/theme\/intersectionnalite\/\" class=\"transition-link\">\n<div class=\"resource-count\">24 resources<\/div>\n<h3>\nIntersectionnalit\u00e9\n<\/h3>\n<div class=\"description\"><span>Cette section examine comment les lois sur la p\u00e9nalisation du VIH sont souvent utilis\u00e9es pour cibler les communaut\u00e9s marginalis\u00e9es et exacerber les in\u00e9galit\u00e9s syst\u00e9miques, et propose des outils pour soutenir le plaidoyer en faveur de r\u00e9formes qui privil\u00e9gient les droits de l'homme et la sant\u00e9 publique.<\/span><\/div>\n<\/a>\n<\/div>\n<div class=\"library-category-item\">\n<a href=\"https:\/\/learning-dev.hivjustice.net\/fr\/theme\/introduction-a-la-penalisation-du-vih\/\" class=\"transition-link\">\n<div class=\"resource-count\">48 resources<\/div>\n<h3>\nIntroduction \u00e0 la p\u00e9nalisation du VIH\n<\/h3>\n<div class=\"description\"><span>Cette section propose des documents de r\u00e9f\u00e9rence pour comprendre la p\u00e9nalisation du VIH, ses effets et les raisons pour lesquelles il faut s'y opposer. Elle apporte \u00e9galement des conseils pratiques aux personnes vivant avec le VIH et des t\u00e9moignages de personnes touch\u00e9es.<\/span><\/div>\n<\/a>\n<\/div>\n<div class=\"library-category-item\">\n<a href=\"https:\/\/learning-dev.hivjustice.net\/fr\/theme\/penalisation-du-vih-droits-humains\/\" class=\"transition-link\">\n<div class=\"resource-count\">15 resources<\/div>\n<h3>\nLa p\u00e9nalisation du VIH dans le contexte des droits humains\n<\/h3>\n<div class=\"description\"><span>Les documents de cette section traitent de la p\u00e9nalisation du VIH comme d'un probl\u00e8me fondamental de droits humains et soulignent que les r\u00e9formes sont n\u00e9cessaires pour aligner les lois et les politiques sur les normes internationales en mati\u00e8re de droits humains.<\/span><\/div>\n<\/a>\n<\/div>\n<div class=\"library-category-item\">\n<a href=\"https:\/\/learning-dev.hivjustice.net\/fr\/theme\/plaidoyer-et-activisme\/\" class=\"transition-link\">\n<div class=\"resource-count\">68 resources<\/div>\n<h3>\nPlaidoyer et activisme\n<\/h3>\n<div class=\"description\"><span>Cette section explore des strat\u00e9gies de plaidoyer diverses pour combattre la p\u00e9nalisation du VIH, et propose des outils et des actions de plaidoyer qui se sont montr\u00e9es efficaces pour att\u00e9nuer cette p\u00e9nalisation ou y mettre un terme.<\/span><\/div>\n<\/a>\n<\/div>\n<div class=\"library-category-item\">\n<a href=\"https:\/\/learning-dev.hivjustice.net\/fr\/theme\/lois-affaires-et-analyses-juridiques\/\" class=\"transition-link\">\n<div class=\"resource-count\">86 resources<\/div>\n<h3>\nLois, affaires et analyses juridiques\n<\/h3>\n<div class=\"description\"><span>Documents analysant les lois relatives \u00e0 la p\u00e9nalisation du VIH et la fa\u00e7on dont elle sont appliqu\u00e9es. Ils recouvrent notamment les affaires qui ont fait jurisprudence, les d\u00e9cisions juridiques et interventions et l'environnement juridique.<\/span><\/div>\n<\/a>\n<\/div>\n<div class=\"library-category-item\">\n<a href=\"https:\/\/learning-dev.hivjustice.net\/fr\/theme\/les-donnees-scientifiques-dans-un-contexte-juridique\/\" class=\"transition-link\">\n<div class=\"resource-count\">53 resources<\/div>\n<h3>\nLes donn\u00e9es scientifiques dans un contexte juridique\n<\/h3>\n<div class=\"description\"><span>Articles acad\u00e9miques d\u00e9crivant la science de la transmission et du traitement du VIH et l'impact des progr\u00e8s m\u00e9dicaux sur le VIH. Contient \u00e9galement des d\u00e9clarations d'experts m\u00e9dicaux.<\/span><\/div>\n<\/a>\n<\/div>\n<div class=\"library-category-item\">\n<a href=\"https:\/\/learning-dev.hivjustice.net\/fr\/theme\/education-juridique\/\" class=\"transition-link\">\n<div class=\"resource-count\">38 resources<\/div>\n<h3>\n\u00c9ducation juridique\n<\/h3>\n<div class=\"description\"><span>Documents d'informations et d'orientations pour les forces de l'ordre, les professionnels du droit et les l\u00e9gislateurs. <\/span><\/div>\n<\/a>\n<\/div>\n<div class=\"library-category-item\">\n<a href=\"https:\/\/learning-dev.hivjustice.net\/fr\/theme\/medias-et-communication\/\" class=\"transition-link\">\n<div class=\"resource-count\">12 resources<\/div>\n<h3>\nM\u00e9dias et communication\n<\/h3>\n<div class=\"description\"><span>Cette section comprend des publications qui examinent les meilleures strat\u00e9gies de communication avec les publics et acteurs concern\u00e9s et les m\u00e9dias ainsi que des lignes directrices pour un journalisme responsable.<\/span><\/div>\n<\/a>\n<\/div>\n<\/div>\n<\/div>\n<\/section>\n","protected":false},"excerpt":{"rendered":"<div class=\"learndash-wrapper\"><a href=\"https:\/\/learning-dev.hivjustice.net\/fr\/learning\/resource-library\/\" class=\"ld-button ld-button-inline ld-button-small\">Pour en savoir plus <span class=\"ld-icon ld-icon-arrow-right\"><\/span><\/a><\/div>\n","protected":false},"author":1,"featured_media":0,"parent":0,"menu_order":0,"comment_status":"closed","ping_status":"closed","template":"","meta":{"site-sidebar-layout":"default","site-content-layout":"default","ast-global-header-display":"","ast-main-header-display":"","ast-hfb-above-header-display":"","ast-hfb-below-header-display":"","ast-hfb-mobile-header-display":"","site-post-title":"","ast-breadcrumbs-content":"","ast-featured-img":"","footer-sml-layout":"","theme-transparent-header-meta":"default","adv-header-id-meta":"","stick-header-meta":"","header-above-stick-meta":"","header-main-stick-meta":"","header-below-stick-meta":"","footnotes":""},"class_list":["post-13235","page","type-page","status-publish","hentry"],"acf":[],"wps_subtitle":"","_links":{"self":[{"href":"https:\/\/learning-dev.hivjustice.net\/fr\/wp-json\/wp\/v2\/pages\/13235","targetHints":{"allow":["GET"]}}],"collection":[{"href":"https:\/\/learning-dev.hivjustice.net\/fr\/wp-json\/wp\/v2\/pages"}],"about":[{"href":"https:\/\/learning-dev.hivjustice.net\/fr\/wp-json\/wp\/v2\/types\/page"}],"author":[{"embeddable":true,"href":"https:\/\/learning-dev.hivjustice.net\/fr\/wp-json\/wp\/v2\/users\/1"}],"version-history":[{"count":6,"href":"https:\/\/learning-dev.hivjustice.net\/fr\/wp-json\/wp\/v2\/pages\/13235\/revisions"}],"predecessor-version":[{"id":14159,"href":"https:\/\/learning-dev.hivjustice.net\/fr\/wp-json\/wp\/v2\/pages\/13235\/revisions\/14159"}],"wp:attachment":[{"href":"https:\/\/learning-dev.hivjustice.net\/fr\/wp-json\/wp\/v2\/media?parent=13235"}],"curies":[{"name":"wp","href":"https:\/\/api.w.org\/{rel}","templated":true}]}}