{"id":14832,"date":"2022-06-21T00:47:00","date_gmt":"2022-06-20T23:47:00","guid":{"rendered":"https:\/\/academy.hivjustice.net\/?page_id=14832"},"modified":"2022-11-02T15:27:14","modified_gmt":"2022-11-02T15:27:14","slug":"kits-de-accion","status":"publish","type":"page","link":"https:\/\/learning-dev.hivjustice.net\/es\/kits-de-accion\/","title":{"rendered":"Kits de acci\u00f3n"},"content":{"rendered":"<p><span style=\"font-weight: 400;\">Estos Kits de acci\u00f3n re\u00fanen los materiales clave que necesita para ser eficaz en su defensa. Cada uno contiene enlaces \u00fatiles y consejos pr\u00e1cticos, listos para usar.<\/span><\/p>\n<div class=\"toolkit-group-wrap\">\n<div class=\"toolkit-group-item group-defence\" style=\"background-image: url('https:\/\/learning-dev.hivjustice.net\/wp-content\/uploads\/2022\/09\/icon-toolkit-group-defence1.png');\">\n<h2>Defence toolkits<\/h2>\n<div class=\"teaser\">Abogados defensores: prep\u00e1rense para los tribunales en poco tiempo con Kits especializados para casos sobre la no revelaci\u00f3n, exposici\u00f3n y transmisi\u00f3n del VIH en el contexto de relaciones sexuales; los actos de escupir y morder; y casos de lactancia materna.<\/div>\n<h3><a href=\"https:\/\/learning-dev.hivjustice.net\/es\/toolkit\/defensa-escupir-morder\/\">Defensa de casos relacionados con el acto de escupir y morder<\/a><\/h3>\n<h3><a href=\"https:\/\/learning-dev.hivjustice.net\/es\/toolkit\/defensa-exposicion-transmision-sexual\/\">Defensa de casos relacionados con la exposici\u00f3n o la transmisi\u00f3n sexual<\/a><\/h3>\n<h3><a href=\"https:\/\/learning-dev.hivjustice.net\/es\/toolkit\/defensa-lactancia\/\">Defensa de casos relacionados con la lactancia<\/a><\/h3>\n<\/div>\n<div class=\"toolkit-group-item group-advocacy\" style=\"background-image: url('https:\/\/learning-dev.hivjustice.net\/wp-content\/uploads\/2022\/09\/icon-toolkit-group-advocacy1.png');\">\n<h2>Advocacy toolkits<\/h2>\n<div class=\"teaser\">Defensores: desaf\u00eden las leyes discriminatorias y punitivas con eficacia, apoyen a las personas que viven con el VIH y contribuyan a un mundo m\u00e1s justo con los kits personalizados de defensa del VIH.<\/div>\n<h3><a href=\"https:\/\/learning-dev.hivjustice.net\/es\/toolkit\/campanas\/\">Campa\u00f1as<\/a><\/h3>\n<h3><a href=\"https:\/\/learning-dev.hivjustice.net\/es\/toolkit\/medios-de-comunicacion-y-mensajes\/\">Medios de comunicaci\u00f3n y mensajes<\/a><\/h3>\n<h3><a href=\"https:\/\/learning-dev.hivjustice.net\/es\/toolkit\/incidencia-sistema-juridico-penal\/\">Trabajo de incidencia en el sistema jur\u00eddico penal<\/a><\/h3>\n<\/div>\n<\/div>\n<p><span style=\"font-weight: 400;\">Utilice los Kits de acci\u00f3n junto a los otros recursos de la Academia como parte de la campa\u00f1a mundial de la justicia por el VIH.<\/span><\/p>\n","protected":false},"excerpt":{"rendered":"<div class=\"learndash-wrapper\"><a href=\"https:\/\/learning-dev.hivjustice.net\/es\/learning\/kits-de-accion\/\" class=\"ld-button ld-button-inline ld-button-small\">Find out more <span class=\"ld-icon ld-icon-arrow-right\"><\/span><\/a><\/div>\n","protected":false},"author":1,"featured_media":0,"parent":0,"menu_order":0,"comment_status":"closed","ping_status":"closed","template":"page-action-toolkit-homepage.php","meta":{"site-sidebar-layout":"default","site-content-layout":"default","ast-global-header-display":"","ast-main-header-display":"","ast-hfb-above-header-display":"","ast-hfb-below-header-display":"","ast-hfb-mobile-header-display":"","site-post-title":"","ast-breadcrumbs-content":"","ast-featured-img":"","footer-sml-layout":"","theme-transparent-header-meta":"default","adv-header-id-meta":"","stick-header-meta":"","header-above-stick-meta":"","header-main-stick-meta":"","header-below-stick-meta":"","footnotes":""},"class_list":["post-14832","page","type-page","status-publish","hentry"],"acf":[],"wps_subtitle":"\u00bfLista\/o para actuar contra la criminalizaci\u00f3n del VIH?","_links":{"self":[{"href":"https:\/\/learning-dev.hivjustice.net\/es\/wp-json\/wp\/v2\/pages\/14832","targetHints":{"allow":["GET"]}}],"collection":[{"href":"https:\/\/learning-dev.hivjustice.net\/es\/wp-json\/wp\/v2\/pages"}],"about":[{"href":"https:\/\/learning-dev.hivjustice.net\/es\/wp-json\/wp\/v2\/types\/page"}],"author":[{"embeddable":true,"href":"https:\/\/learning-dev.hivjustice.net\/es\/wp-json\/wp\/v2\/users\/1"}],"version-history":[{"count":7,"href":"https:\/\/learning-dev.hivjustice.net\/es\/wp-json\/wp\/v2\/pages\/14832\/revisions"}],"predecessor-version":[{"id":15228,"href":"https:\/\/learning-dev.hivjustice.net\/es\/wp-json\/wp\/v2\/pages\/14832\/revisions\/15228"}],"wp:attachment":[{"href":"https:\/\/learning-dev.hivjustice.net\/es\/wp-json\/wp\/v2\/media?parent=14832"}],"curies":[{"name":"wp","href":"https:\/\/api.w.org\/{rel}","templated":true}]}}