{"id":14813,"date":"2022-03-03T23:27:31","date_gmt":"2022-03-03T23:27:31","guid":{"rendered":"https:\/\/academy.hivjustice.net\/?page_id=14813"},"modified":"2023-08-11T23:08:18","modified_gmt":"2023-08-11T22:08:18","slug":"front","status":"publish","type":"page","link":"https:\/\/learning-dev.hivjustice.net\/es\/","title":{"rendered":"HIV Justice Academy"},"content":{"rendered":"<hr \/>\n<p><span style=\"font-weight: 400;\">La Academia es un centro mundial de aprendizaje y recursos, dise\u00f1ado para complementar la variedad de recursos existentes en el sitio web de HIV Justice Network, que incluye la Base de Datos Mundial sobre la Criminalizaci\u00f3n del VIH, que contiene leyes, casos y organizaciones. Queremos estar seguros de que, m\u00e1s all\u00e1 de las circunstancias, usted disponga de la informaci\u00f3n y los consejos pr\u00e1cticos necesarios para hacer la diferencia.<\/span><\/p>\n<p><span style=\"font-weight: 400;\">La Academia est\u00e1 disponible en espa\u00f1ol, ingl\u00e9s, franc\u00e9s y ruso.\u00a0<\/span><\/p>\n<hr \/>\n<p><img loading=\"lazy\" decoding=\"async\" class=\"alignnone wp-image-494 size-full\" style=\"width: 200px; height: auto; margin-right: 30px;\" src=\"https:\/\/academy.hivjustice.net\/wp-content\/uploads\/2022\/04\/rcf-logo.jpg\" alt=\"Robert Carr Fund for civil society networks logo\" width=\"251\" height=\"131\" \/><span style=\"font-weight: 400;\">La HIV Justice Network cuenta con el apoyo de una subvenci\u00f3n del<\/span> <a href=\"https:\/\/robertcarrfund.org\/\" target=\"_blank\" rel=\"noopener\">Fondo Robert Carr<\/a> proporcionada al <a href=\"https:\/\/robertcarrfund.org\/networks\/2019-2021\/hiv-justice-global-consortium-1\" target=\"_blank\" rel=\"noopener\">HIV Justice Global Consortium [Consorcio Global de Justicia en materia de VIH].<\/a>.<\/p>\n<p><span style=\"font-weight: 400;\">Se agradece la contribuci\u00f3n financiera de ONUSIDA a esta labor. Sin embargo, el contenido y las ideas all\u00ed expresadas no reflejan necesariamente los puntos de vista y las opiniones de ONUSIDA ni hacen que ONUSIDA asuma ninguna responsabilidad.<\/span><\/p>\n","protected":false},"excerpt":{"rendered":"<div class=\"learndash-wrapper\"><a href=\"https:\/\/learning-dev.hivjustice.net\/es\/learning\/front\/\" class=\"ld-button ld-button-inline ld-button-small\">Find out more <span class=\"ld-icon ld-icon-arrow-right\"><\/span><\/a><\/div>\n","protected":false},"author":1,"featured_media":13252,"parent":0,"menu_order":0,"comment_status":"closed","ping_status":"open","template":"page-home.php","meta":{"site-sidebar-layout":"default","site-content-layout":"default","ast-global-header-display":"","ast-main-header-display":"","ast-hfb-above-header-display":"","ast-hfb-below-header-display":"","ast-hfb-mobile-header-display":"","site-post-title":"","ast-breadcrumbs-content":"","ast-featured-img":"","footer-sml-layout":"","theme-transparent-header-meta":"default","adv-header-id-meta":"","stick-header-meta":"","header-above-stick-meta":"","header-main-stick-meta":"","header-below-stick-meta":"","footnotes":""},"class_list":["post-14813","page","type-page","status-publish","has-post-thumbnail","hentry"],"acf":[],"wps_subtitle":"","_links":{"self":[{"href":"https:\/\/learning-dev.hivjustice.net\/es\/wp-json\/wp\/v2\/pages\/14813","targetHints":{"allow":["GET"]}}],"collection":[{"href":"https:\/\/learning-dev.hivjustice.net\/es\/wp-json\/wp\/v2\/pages"}],"about":[{"href":"https:\/\/learning-dev.hivjustice.net\/es\/wp-json\/wp\/v2\/types\/page"}],"author":[{"embeddable":true,"href":"https:\/\/learning-dev.hivjustice.net\/es\/wp-json\/wp\/v2\/users\/1"}],"version-history":[{"count":15,"href":"https:\/\/learning-dev.hivjustice.net\/es\/wp-json\/wp\/v2\/pages\/14813\/revisions"}],"predecessor-version":[{"id":16491,"href":"https:\/\/learning-dev.hivjustice.net\/es\/wp-json\/wp\/v2\/pages\/14813\/revisions\/16491"}],"wp:featuredmedia":[{"embeddable":true,"href":"https:\/\/learning-dev.hivjustice.net\/es\/wp-json\/wp\/v2\/media\/13252"}],"wp:attachment":[{"href":"https:\/\/learning-dev.hivjustice.net\/es\/wp-json\/wp\/v2\/media?parent=14813"}],"curies":[{"name":"wp","href":"https:\/\/api.w.org\/{rel}","templated":true}]}}